{"id":120,"date":"2020-06-22T22:08:22","date_gmt":"2020-06-22T20:08:22","guid":{"rendered":"http:\/\/www.amicidelpo.org\/?page_id=120"},"modified":"2022-11-22T21:57:04","modified_gmt":"2022-11-22T20:57:04","slug":"parco-giochi","status":"publish","type":"page","link":"https:\/\/www.amicidelpo.org\/index.php\/piscine-e-parco-giochi\/parco-giochi\/","title":{"rendered":"Parco giochi"},"content":{"rendered":"\n<h1 class=\"wp-block-heading\">Parco giochi<\/h1>\n\n\n<p>In un area verde e ombreggiata \u00e8 stato allestito un parco giochi per far divertire i pi\u00f9 piccini. Tra altalene castelli, scivoli e vari giochi, &nbsp;molto apprezzata \u00e8 l\u2019ampia area gioco con la sabbia.<\/p>\n\n\n<figure class=\"wp-block-image size-large\"><img fetchpriority=\"high\" decoding=\"async\" width=\"1024\" height=\"768\" src=\"https:\/\/www.amicidelpo.org\/wp-content\/uploads\/2022\/11\/IMG_3162-1024x768.jpeg\" alt=\"\" class=\"wp-image-330\" srcset=\"https:\/\/www.amicidelpo.org\/wp-content\/uploads\/2022\/11\/IMG_3162-1024x768.jpeg 1024w, https:\/\/www.amicidelpo.org\/wp-content\/uploads\/2022\/11\/IMG_3162-300x225.jpeg 300w, https:\/\/www.amicidelpo.org\/wp-content\/uploads\/2022\/11\/IMG_3162-768x576.jpeg 768w, https:\/\/www.amicidelpo.org\/wp-content\/uploads\/2022\/11\/IMG_3162-1536x1152.jpeg 1536w, https:\/\/www.amicidelpo.org\/wp-content\/uploads\/2022\/11\/IMG_3162.jpeg 2048w\" sizes=\"(max-width: 1024px) 100vw, 1024px\" \/><\/figure>\n","protected":false},"excerpt":{"rendered":"<p>Parco giochi In un area verde e ombreggiata \u00e8 stato allestito un parco giochi per far divertire i pi\u00f9 piccini. Tra altalene castelli, scivoli e vari giochi, &nbsp;molto apprezzata \u00e8 l\u2019ampia area gioco con la sabbia.<\/p>\n","protected":false},"author":4,"featured_media":0,"parent":114,"menu_order":0,"comment_status":"closed","ping_status":"closed","template":"","meta":{"footnotes":""},"class_list":["post-120","page","type-page","status-publish","hentry"],"_links":{"self":[{"href":"https:\/\/www.amicidelpo.org\/index.php\/wp-json\/wp\/v2\/pages\/120","targetHints":{"allow":["GET"]}}],"collection":[{"href":"https:\/\/www.amicidelpo.org\/index.php\/wp-json\/wp\/v2\/pages"}],"about":[{"href":"https:\/\/www.amicidelpo.org\/index.php\/wp-json\/wp\/v2\/types\/page"}],"author":[{"embeddable":true,"href":"https:\/\/www.amicidelpo.org\/index.php\/wp-json\/wp\/v2\/users\/4"}],"replies":[{"embeddable":true,"href":"https:\/\/www.amicidelpo.org\/index.php\/wp-json\/wp\/v2\/comments?post=120"}],"version-history":[{"count":3,"href":"https:\/\/www.amicidelpo.org\/index.php\/wp-json\/wp\/v2\/pages\/120\/revisions"}],"predecessor-version":[{"id":331,"href":"https:\/\/www.amicidelpo.org\/index.php\/wp-json\/wp\/v2\/pages\/120\/revisions\/331"}],"up":[{"embeddable":true,"href":"https:\/\/www.amicidelpo.org\/index.php\/wp-json\/wp\/v2\/pages\/114"}],"wp:attachment":[{"href":"https:\/\/www.amicidelpo.org\/index.php\/wp-json\/wp\/v2\/media?parent=120"}],"curies":[{"name":"wp","href":"https:\/\/api.w.org\/{rel}","templated":true}]}}